{"id":135,"date":"2023-08-08T12:23:59","date_gmt":"2023-08-08T11:23:59","guid":{"rendered":"https:\/\/www.transportsbusquets.com\/en\/politica-de-cookies\/"},"modified":"2023-08-08T12:23:59","modified_gmt":"2023-08-08T11:23:59","slug":"politica-de-cookies","status":"publish","type":"page","link":"https:\/\/www.transportsbusquets.com\/en\/politica-de-cookies\/","title":{"rendered":"Pol\u00edtica de cookies"},"content":{"rendered":"\n<p><strong>POL\u00cdTICA DE COOKIES<\/strong><\/p>\n\n\n\n<p>En compliment de la Llei 34\/2002 de Serveis de la Societat de la Informaci\u00f3 i del Comer\u00e7 Electr\u00f2nic (LSSICE), s\u2019informa dels seg\u00fcents aspectes legals de la Web:<\/p>\n\n\n\n<figure class=\"wp-block-table\"><table><tbody><tr><td>Web:<\/td><td>www.transportsbusquets.com<\/td><\/tr><tr><td>Titular:<\/td><td>TRANSPORTS &amp; LOGISTICS BUSQUETS S.L.<\/td><\/tr><tr><td>Domicili:<\/td><td>Ptge Aixada, 6 17800-OLOT<\/td><\/tr><tr><td>C.I.F.:<\/td><td>B55335244<\/td><\/tr><tr><td>Correu electr\u00f2nic:<\/td><td>info@transportsbusquets.com<\/td><\/tr><tr><td>Dades registrals:<\/td><td>TRANSPORTS &amp; LOGISTICS BUSQUETS S.L. Registre Mercantil de Girona al Tomo 3225, Diario 267, Folio 162, Asiento 635, Hoja GI-64640, Inscripci\u00f3n 1<\/td><\/tr><\/tbody><\/table><\/figure>\n\n\n\n<p>TRANSPORTS &amp; LOGISTICS BUSQUETS S.L. pot recopilar informaci\u00f3 sobre els h\u00e0bits de cerca dels usuaris del lloc web per mitj\u00e0 de cookies o arxius de registre. No s\u2019utilitzaran les cookies per a recollir informaci\u00f3 de car\u00e0cter personal. Solament s\u2019instal\u00b7laran si l\u2019Usuari roman i continua navegant en la nostra p\u00e0gina web, entenent que consent el seu \u00fas i instal\u00b7laci\u00f3. A continuaci\u00f3, proporcionem informaci\u00f3 detallada sobre: qu\u00e8 s\u00f3n les \u201ccookies\u201d, quina tipologia utilitza aquest lloc web, com poden desactivar-les en el navegador i com bloquejar espec\u00edficament la instal\u00b7laci\u00f3 de Cookies de tercers.<\/p>\n\n\n\n<p><strong>1) QU\u00c8 S\u00d3N LES COOKIES?<\/strong><\/p>\n\n\n\n<p>Les cookies s\u00f3n petits arxius de text generats per les p\u00e0gines web que l\u2019Usuari visita, les quals contenen les dades de sessi\u00f3 que poden ser d\u2019utilitat m\u00e9s endavant en la p\u00e0gina web. Les dades permeten que la p\u00e0gina web pugui mantenir la seva informaci\u00f3 entre les p\u00e0gines, i tamb\u00e9 per a analitzar la manera d\u2019interactuar amb el lloc.<\/p>\n\n\n\n<p>Les cookies s\u00f3n segures ja que nom\u00e9s poden emmagatzemar la informaci\u00f3 que es va posar en el seu lloc pel navegador, la informaci\u00f3 que l\u2019Usuari hagu\u00e9s introdu\u00eft en el navegador o la que s\u2019inclou en la sol\u00b7licitud de p\u00e0gina. No poden executar codi i no es poden utilitzar per a accedir a l\u2019equip de l\u2019Usuari.<\/p>\n\n\n\n<p>Les cookies s\u00f3n essencials per al funcionament d\u2019Internet, aportant innombrables avantatges en la prestaci\u00f3 de serveis interactius, facilitant la navegaci\u00f3 i usabilitat de les p\u00e0gines web. Les cookies no poden danyar els equips i que estiguin activades ajuda a identificar i resoldre els errors.<\/p>\n\n\n\n<p>La informaci\u00f3 recaptada a trav\u00e9s de les cookies pot incloure la data i hora de visites al Lloc web, les p\u00e0gines visionades, el temps que ha estat en el Lloc web i els llocs visitats just abans i despr\u00e9s d\u2019aquest. No obstant aix\u00f2, cap cookie permet que aquesta mateixa pugui contactar-se amb el n\u00famero de tel\u00e8fon de l\u2019Usuari o amb qualsevol altre mitj\u00e0 de contacte personal. Cap cookie pot extreure informaci\u00f3 del disc dur de l\u2019Usuari o robar informaci\u00f3 personal. L\u2019\u00fanica manera que la informaci\u00f3 privada de l\u2019Usuari formi part de l\u2019arxiu Cookie \u00e9s que l\u2019usuari doni personalment aquesta informaci\u00f3 al servidor.<\/p>\n\n\n\n<p>Les cookies que permeten identificar a una persona es consideren dades personals. Per tant, a les mateixes els ser\u00e0 aplicable la Pol\u00edtica de Privacitat anteriorment descrita. En aquest sentit, per a la utilitzaci\u00f3 de les mateixes ser\u00e0 necessari el consentiment de l\u2019Usuari. Aquest consentiment ser\u00e0 comunicat, sobre la base d\u2019una elecci\u00f3 aut\u00e8ntica, ofert mitjan\u00e7ant una decisi\u00f3 afirmativa i positiva, abans del tractament inicial, amovible i documentat.<\/p>\n\n\n\n<p><strong>2) QU\u00c8 S\u00d3N ELS SCRIPTS?<\/strong><\/p>\n\n\n\n<p>Un script \u00e9s un fragment de codi de programa que s\u2019utilitza per fer que la nostra web funcioni correctament i de manera interactiva. Aquest codi s\u2019executa al nostre servidor o al dispositiu.<\/p>\n\n\n\n<p><strong>3) TIPUS DE COOKIES<\/strong><\/p>\n\n\n\n<p>A continuaci\u00f3, proporcionem m\u00e9s informaci\u00f3 perqu\u00e8 s\u2019entenguin millor els diferents tipus de cookies que poden ser utilitzats:<\/p>\n\n\n\n<p><strong>Segons titularitat<\/strong><\/p>\n\n\n\n<p>Cookies Pr\u00f2pies: s\u00f3n aquelles que s\u2019envien a l\u2019equip terminal de l\u2019usuari des d\u2019un equip o domini gestionat pel propi editor i des del qual es presta el servei sol\u00b7licitat per l\u2019usuari.<\/p>\n\n\n\n<p>Cookies de tercers: s\u00f3n aquelles que s\u2019envien a l\u2019equip terminal de l\u2019usuari des d\u2019un equip o domini que no \u00e9s gestionat per l\u2019editor, sin\u00f3 per una altra entitat que tracta les dades obtingudes trav\u00e9s de les cookies.<\/p>\n\n\n\n<p><strong>Segons la seva finalitat<\/strong><\/p>\n\n\n\n<p>Cookies t\u00e8cniques (necess\u00e0ries): Les cookies t\u00e8cniques s\u00f3n aquelles imprescindibles i estrictament necess\u00e0ries per al correcte funcionament d\u2019un portal web i la utilitzaci\u00f3 de les diferents opcions i serveis que ofereix.<\/p>\n\n\n\n<p>Per exemple, les que serveixen per al manteniment de la sessi\u00f3, la gesti\u00f3 del temps de resposta, rendiment, etc.<\/p>\n\n\n\n<p>Cookies de prefer\u00e8ncies o personalitzaci\u00f3: s\u00f3n aquelles que permeten recordar informaci\u00f3 perqu\u00e8 l\u2019usuari accedeixi al servei amb determinades caracter\u00edstiques que poden diferenciar la seva experi\u00e8ncia de la d\u2019altres usuaris, com, per exemple, l\u2019idioma, el nombre de resultats a mostrar quan l\u2019usuari realitza una cerca, l\u2019aspecte o contingut del servei en funci\u00f3 del tipus de navegador a trav\u00e9s del qual l\u2019usuari accedeix al servei o de la regi\u00f3 des de la qual accedeix al servei, etc.<\/p>\n\n\n\n<p>Cookies anal\u00edtiques: s\u00f3n aquelles que permeten al responsable de les mateixes el seguiment i an\u00e0lisi del comportament dels usuaris dels llocs web als quals estan vinculades, inclosa la quantificaci\u00f3 dels impactes dels anuncis. La informaci\u00f3 recollida mitjan\u00e7ant aquesta mena de cookies s\u2019utilitza en el mesurament de l\u2019activitat dels llocs web, aplicaci\u00f3 o plataforma, amb la finalitat d\u2019introduir millores en funci\u00f3 de l\u2019an\u00e0lisi de les dades d\u2019\u00fas que fan els usuaris del servei.<\/p>\n\n\n\n<p>Cookies de publicitat comportamental: s\u00f3n aquelles que emmagatzemen informaci\u00f3 del comportament dels usuaris obtinguda a trav\u00e9s de l\u2019observaci\u00f3 continuada dels seus h\u00e0bits de navegaci\u00f3, la qual cosa permet desenvolupar un perfil espec\u00edfic per a mostrar publicitat en funci\u00f3 d\u2019aquest.<\/p>\n\n\n\n<p><strong>Segons termini<\/strong><\/p>\n\n\n\n<p>Cookies de sessi\u00f3: s\u00f3n aquelles dissenyades per a recaptar i emmagatzemar dades mentre l\u2019usuari accedeix a una p\u00e0gina web. Se solen emprar per a emmagatzemar informaci\u00f3 que nom\u00e9s interessa conservar per a la prestaci\u00f3 del servei sol\u00b7licitat per l\u2019usuari en una sola ocasi\u00f3 (per exemple, una llista de productes adquirits) i desapareixen en acabar la sessi\u00f3<\/p>\n\n\n\n<p>Cookies persistents: s\u00f3n aquelles en les quals les dades segueixen emmagatzemats en el terminal i poden ser accedits i tractats durant un per\u00edode definit pel responsable de la cookie, i que pot anar d\u2019uns minuts a diversos anys.<\/p>\n\n\n\n<p><strong>Cookies propies<\/strong><\/p>\n\n\n\n<p>S\u00f3n aquelles cookies que s\u00f3n enviades a l\u2019ordinador o dispositiu de l\u2019Usuari i gestionades exclusivament per TRANSPORTS &amp; LOGISTICS BUSQUETS S.L. per al millor funcionament del Lloc web. La informaci\u00f3 que es recapta s\u2019empra per a millorar la qualitat del Lloc web i el seu Contingut i la seva experi\u00e8ncia com a Usuari. Aquestes cookies permeten recon\u00e8ixer a l\u2019Usuari com a visitant recurrent del Lloc web i adaptar el contingut per a oferir-li continguts que s\u2019ajustin a les seves prefer\u00e8ncies.<\/p>\n\n\n\n<p>wordpress_test_cookie:<\/p>\n\n\n\n<p>Tipus: Pr\u00f2pia<\/p>\n\n\n\n<p>Durada: Sessi\u00f3<\/p>\n\n\n\n<p>Funcionalitat: Aquesta cookie s\u2019utilitza per comprovar si el navegador de l\u2019usuari accepta cookies.<\/p>\n\n\n\n<p>cookie_notice_accepted:<\/p>\n\n\n\n<p>Tipus: Pr\u00f2pia<\/p>\n\n\n\n<p>Durada: 1 any<\/p>\n\n\n\n<p>Funcionalitat: Aquesta cookie s\u2019utilitza per recordar si l\u2019usuari ha acceptat l\u2019av\u00eds de cookies al lloc web.<\/p>\n\n\n\n<p>SEARCH_SAMESITE:<\/p>\n\n\n\n<p>Tipus: Pr\u00f2pia<\/p>\n\n\n\n<p>Durada: Sessi\u00f3<\/p>\n\n\n\n<p>Funcionalitat: Aquesta cookie s\u2019utilitza per garantir la funcionalitat adequada del lloc web i millorar la seguretat en prevenir atacs de falsificaci\u00f3 de sol\u00b7licituds entre llocs.<\/p>\n\n\n\n<p><strong>Cookies de tercers<\/strong><\/p>\n\n\n\n<p>S\u00f3n cookies utilitzades i gestionades per entitats externes que proporcionen a serveis sol\u00b7licitats per aquest mateix per a millorar el Lloc web i l\u2019experi\u00e8ncia de l\u2019usuari en navegar en el Lloc web. Els principals objectius per als quals s\u2019utilitzen cookies de tercers s\u00f3n l\u2019obtenci\u00f3 d\u2019estad\u00edstiques d\u2019accessos i analitzar la informaci\u00f3 de la navegaci\u00f3, \u00e9s a dir, com interactua l\u2019Usuari amb el Lloc web.<\/p>\n\n\n\n<p>La informaci\u00f3 que s\u2019obt\u00e9 es refereix, per exemple, al nombre de p\u00e0gines visitades, l\u2019idioma, el lloc a la qual l\u2019adre\u00e7a IP des del qual accedeix l\u2019Usuari, el nombre d\u2019Usuaris que accedeixen, la freq\u00fc\u00e8ncia i reincid\u00e8ncia de les visites, el temps de visita, el navegador que usen, l\u2019operador o tipus de dispositiu des del qual es realitza la visita. Aquesta informaci\u00f3 s\u2019utilitza per a millorar el Lloc web, i detectar noves necessitats per a oferir als Usuaris un Contingut i\/o servei d\u2019\u00f2ptima qualitat. En tot cas, la informaci\u00f3 es recopila de manera an\u00f2nima i s\u2019elaboren informes de tend\u00e8ncies del Lloc web sense identificar a usuaris individuals.<\/p>\n\n\n\n<p>Pot obtenir m\u00e9s informaci\u00f3 sobre les cookies, la informaci\u00f3 sobre la privacitat, o consultar la descripci\u00f3 del tipus de cookies que s\u2019utilitza, els seus principals caracter\u00edstiques, per\u00edode d\u2019expiraci\u00f3, etc. en el seg\u00fcent(s) enlla\u00e7(os):<\/p>\n\n\n\n<p>__Secure-3PSIDCC, __Secure-1PAPISID, __Secure-1PSIDCC, __Secure-3PAPISID, __Secure-3PSID, __Secure-ENID, HSID, SID, SSID, SIDCC, SAPISID, APISID:<\/p>\n\n\n\n<p>Tipus: De tercers (Google)<\/p>\n\n\n\n<p>Durada: Varia<\/p>\n\n\n\n<p>Funcionalitat: Aquestes cookies s\u2019utilitzen per recopilar informaci\u00f3 sobre la interacci\u00f3 de l\u2019usuari amb el lloc web, incloent el seguiment de l\u2019activitat de l\u2019usuari, la personalitzaci\u00f3 d\u2019anuncis i la prevenci\u00f3 del frau.<\/p>\n\n\n\n<p>CONSENT:<\/p>\n\n\n\n<p>Tipus: De tercers (Google)<\/p>\n\n\n\n<p>Durada: Permanent<\/p>\n\n\n\n<p>Funcionalitat: Aquesta cookie s\u2019utilitza per emmagatzemar el consentiment de l\u2019usuari per a l\u2019\u00fas de cookies en el domini actual.<\/p>\n\n\n\n<p>La(s) entitat(\u00e9s) encarregada(s) del subministrament de cookies podr\u00e0(n) cedir aquesta informaci\u00f3 a tercers, sempre que l\u2019exigeixi la llei o sigui un tercer el que processi aquesta informaci\u00f3 per a aquestes entitats.<\/p>\n\n\n\n<p>TRANSPORTS &amp; LOGISTICS BUSQUETS S.L. no incorpora cap enlla\u00e7 ni plugin que et redirigeixi a p\u00e0gines webs de xarxes socials ni compartir hi contingut.<\/p>\n\n\n\n<p><strong>4) RESPONSABLE DEL TRACTAMENT DE LES COOKIES<\/strong><\/p>\n\n\n\n<p>El titular de la web i responsable del tractament de les cookies aqu\u00ed utilitzades, aix\u00ed com les seves dades de contacte, s\u00f3n accessibles en l\u2019Av\u00eds Legal d\u2019aquesta p\u00e0gina. Aix\u00ed mateix, poden existir cookies de tercers diferents del titular d\u2019aquesta web, com s\u2019explica posteriorment.<\/p>\n\n\n\n<p><strong>5) LEGITIMACI\u00d3 PER AL US DE COOKIES<\/strong><\/p>\n\n\n\n<p>En el cas de les cookies t\u00e8cniques, \u00e9s a dir, aquelles que resulten imprescindibles per a navegar per aquesta web i rebre el servei ofert a trav\u00e9s d\u2019ella, la base legal del seu \u00fas \u00e9s l\u2019acord a trav\u00e9s del qual vost\u00e8 decideix utilitzar aquesta p\u00e0gina web i utilitzar els seus serveis.<\/p>\n\n\n\n<p>La base legal de l\u2019\u00fas de la resta de cookies \u00e9s el consentiment de l\u2019usuari, que se li sol\u00b7licita en el moment d\u2019accedir a aquesta web, podent revocar-lo en qualsevol moment. La retirada d\u2019aquest consentiment no afectar\u00e0 la possibilitat de navegar per aquesta web i utilitzar els seus serveis, per\u00f2 els tractaments de dades efectuades amb anterioritat no perdran la seva licitud pel fet que el consentiment s\u2019hagi revocat.<\/p>\n\n\n\n<p><strong>6) CONSENTIMENT<\/strong><\/p>\n\n\n\n<p>L\u2019usuari haur\u00e0 d\u2019acceptar de manera expl\u00edcita i activa l\u2019\u00fas de les cookies abans anunciades, pels per\u00edodes assenyalats anteriorment i en les condicions contingudes en la present Pol\u00edtica de Cookies.<\/p>\n\n\n\n<p><strong>7) RETIRADA DEL CONSENTIMENT<\/strong><\/p>\n\n\n\n<p>L\u2019usuari podr\u00e0 retirar en qualsevol moment el seu consentiment relacionat amb aquesta Pol\u00edtica de Cookies, per aix\u00f2 haur\u00e0 d\u2019eliminar les cookies emmagatzemades en el seu equip utilitzant els ajustos i configuracions del seu navegador d\u2019internet.<\/p>\n\n\n\n<p><strong>8) DRETS DE L\u2019INTERESSAT<\/strong><\/p>\n\n\n\n<p>La majoria de les cookies recopilen informaci\u00f3 an\u00f2nima, que no permet obtenir la identitat de l\u2019usuari, si b\u00e9 alguns dels codis que s\u2019inclouen serveixen per a singularitzar o individualitzar al navegador del seu dispositiu utilitzat, podent ser aplicable la normativa en mat\u00e8ria de protecci\u00f3 de dades personals. Per aix\u00f2, l\u2019informem que la informaci\u00f3 que s\u2019obt\u00e9 per mitj\u00e0 de les cookies, ser\u00e0 tractada amb les finalitats indicades en la present Pol\u00edtica de Cookies. Aix\u00ed mateix, est\u00e0 informaci\u00f3 tamb\u00e9 ser\u00e0 tractada per aquelles empreses que proveeixen cookies amb les finalitats indicades en les seves respectives pol\u00edtiques de privacitat.<\/p>\n\n\n\n<p>No obstant aix\u00f2, tenint en compte que aquests codis no permeten la identificaci\u00f3 de l\u2019Usuari, no seran aplicables els drets d\u2019acc\u00e9s, rectificaci\u00f3, supressi\u00f3, oposici\u00f3, limitaci\u00f3 i portabilitat reconeguts en la normativa de protecci\u00f3 de dades, tret que l\u2019Usuari sigui capa\u00e7 d\u2019aportar informaci\u00f3 addicional que permeti vincular la seva identitat amb els codis identificatius de les seves cookies.<\/p>\n\n\n\n<p>En cas de considerar vulnerat el seu dret a la protecci\u00f3 de dades, l\u2019usuari podr\u00e0 interposar una reclamaci\u00f3 davant l\u2019Ag\u00e8ncia Espanyola de Protecci\u00f3 de Dades (www.aepd.es) o davant el nostre Delegat de Protecci\u00f3 de Dades\/ responsable de protecci\u00f3 de dades en el seg\u00fcent e-mail ADMINISTRACIO@transportsbusquets.com.<\/p>\n\n\n\n<p>D\u2019altra banda, l\u2019informem que alguns dels nostres prove\u00efdors, socis i col\u00b7laboradors poden estar situats als Estats Units o altres pa\u00efsos la legislaci\u00f3 dels quals no ofereix un nivell de protecci\u00f3 de dades equivalent a l\u2019europeu. En consentir l\u2019\u00fas de cookies i la compartici\u00f3 de dades, consent la transfer\u00e8ncia de les seves dades personals.<\/p>\n\n\n\n<p><strong>Gesti\u00f3 de cookies: Garanties complement\u00e0ries.<\/strong><\/p>\n\n\n\n<p>Tots els navegadors d\u2019Internet permeten limitar el comportament d\u2019una cookie o desactivar les cookies dins de la configuraci\u00f3 o les opcions del navegador. Els passos per a fer-ho s\u00f3n diferents per a cada navegador, podent-se trobar instruccions en el men\u00fa d\u2019ajuda de cada navegador.<\/p>\n\n\n\n<p>Molts navegadors permeten activar una manera privada mitjan\u00e7ant el qual les cookies s\u2019esborren sempre despr\u00e9s de la visita. Depenent de cada navegador aquesta manera privada, pot tenir diferents noms. A continuaci\u00f3, es pot trobar una llista dels navegadors m\u00e9s comuns amb un enlla\u00e7 a la configuraci\u00f3 de cookies i els diferents noms d\u2019aquest \u201cmode privat\u201d:<\/p>\n\n\n\n<p>\u2013 Internet Explorer: http:\/\/windows.microsoft.com\/es-xl\/internet-explorer\/delete-manage-cookies#ie=ie-11<\/p>\n\n\n\n<p>\u2013 FireFox: https:\/\/support.mozilla.org\/es\/kb\/Borrarcookies<\/p>\n\n\n\n<p>\u2013 Chrome: https:\/\/support.google.com\/chrome\/answer\/95647?hl=es<\/p>\n\n\n\n<p>\u2013 Safari: http:\/\/www.apple.com\/legal\/privacy\/es\/cookies\/<\/p>\n\n\n\n<p>\u2013 Opera: https:\/\/help.opera.com\/en\/latest\/security-and-privacy\/<\/p>\n\n\n\n<p>\u2013 Safari para iOS (dispositivos iPhone y iPad): http:\/\/help.opera.com\/Linux\/10.50\/en\/cookies.html<\/p>\n\n\n\n<p>\u2013 Chrome para Android: https:\/\/support.google.com\/chrome\/answer\/2392971?hl=es<\/p>\n\n\n\n<p>\u2013 Windows Phone: http:\/\/www.windowsphone.com\/es-es\/how-to\/wp7\/web\/changing-privacy-and-other-browser-<\/p>\n\n\n\n<p>Per obtenir m\u00e9s informaci\u00f3 sobre l\u2019eliminaci\u00f3, deshabilitaci\u00f3 o bloqueig de cookies tamb\u00e9 pot visitar: http:\/\/www.aboutcookies.org\/default.aspx?page=2<\/p>\n\n\n\n<p>En cas que es deshabilitin les cookies, no podrem mantenir les seves prefer\u00e8ncies i algunes funcionalitats del Lloc web podrien quedar inoperatives, no podent oferir-li serveis personalitzats.<\/p>\n\n\n\n<p><strong>10) ACTUALITZACI\u00d3 DE LA POL\u00cdTICA DE COOKIES<\/strong><\/p>\n\n\n\n<p>Aquest lloc web pot modificar aquesta Pol\u00edtica sobre Cookies, per aix\u00f2 li recomanem revisar aquesta pol\u00edtica cada vegada que accedeixi al nostre lloc web per tal d\u2019estar adequadament informat sobre l\u2019\u00fas que fem de les cookies.<\/p>\n","protected":false},"excerpt":{"rendered":"<p>POL\u00cdTICA DE COOKIES En compliment de la Llei 34\/2002 de Serveis de la Societat de la Informaci\u00f3 i del Comer\u00e7 Electr\u00f2nic (LSSICE), s\u2019informa dels seg\u00fcents aspectes<span class=\"excerpt-hellip\"> [\u2026]<\/span><\/p>\n","protected":false},"author":1,"featured_media":0,"parent":0,"menu_order":0,"comment_status":"closed","ping_status":"closed","template":"","meta":[],"_links":{"self":[{"href":"https:\/\/www.transportsbusquets.com\/en\/wp-json\/wp\/v2\/pages\/135"}],"collection":[{"href":"https:\/\/www.transportsbusquets.com\/en\/wp-json\/wp\/v2\/pages"}],"about":[{"href":"https:\/\/www.transportsbusquets.com\/en\/wp-json\/wp\/v2\/types\/page"}],"author":[{"embeddable":true,"href":"https:\/\/www.transportsbusquets.com\/en\/wp-json\/wp\/v2\/users\/1"}],"replies":[{"embeddable":true,"href":"https:\/\/www.transportsbusquets.com\/en\/wp-json\/wp\/v2\/comments?post=135"}],"version-history":[{"count":0,"href":"https:\/\/www.transportsbusquets.com\/en\/wp-json\/wp\/v2\/pages\/135\/revisions"}],"wp:attachment":[{"href":"https:\/\/www.transportsbusquets.com\/en\/wp-json\/wp\/v2\/media?parent=135"}],"curies":[{"name":"wp","href":"https:\/\/api.w.org\/{rel}","templated":true}]}}